{"id":433,"date":"2021-10-29T23:03:45","date_gmt":"2021-10-29T21:03:45","guid":{"rendered":"http:\/\/www.andrea.ferrando.info\/scr\/?page_id=433"},"modified":"2021-10-29T23:03:47","modified_gmt":"2021-10-29T21:03:47","slug":"ecce-zombie","status":"publish","type":"page","link":"http:\/\/www.andrea.ferrando.info\/scr\/?page_id=433","title":{"rendered":"Ecce zombie"},"content":{"rendered":"\n<p>Jacopo gira con Italo per la citt\u00e0 infettata dal Male, ma non sente di fare la cosa giusta. Lui crede nella salvezza attraverso la fede mentre l\u2019altro nel potere della forza bruta. Come pu\u00f2 continuare un sodalizio del genere?<\/p>\n\n\n\n<p>E infatti, quando Jacopo incontra i Viandanti che marciano inermi verso la terra promessa guidati dal Maestro, sente che \u00e8 il momento di lasciare il compagno e di seguire la sua vocazione interiore.<\/p>\n\n\n\n<p>I Viandanti non hanno armi e devono arrivare a sud, dove li attende il luogo in cui il Maestro fonder\u00e0 una comunit\u00e0 basata sui principi religiosi in grado di accogliere i bisognosi e difendersi dal Male, fino a quando il bene trionfer\u00e0.<\/p>\n\n\n\n<p>Ma il viaggio \u00e8 pieno di insidie e ogni angolo pu\u00f2 nascondere un\u2019orda di zombie. Senza contare che la citt\u00e0 \u00e8 abitata dalla creatura pi\u00f9 malvagia dell\u2019intero universo: l\u2019essere umano.<\/p>\n\n\n\n<p>Ecce zombie \u00e8 un romanzo breve della collana <a rel=\"noreferrer noopener\" href=\"https:\/\/delos.digital\/collection\/26\/the-tube-exposed\" target=\"_blank\">The tube exposed<\/a> pubblicata da <a rel=\"noreferrer noopener\" href=\"https:\/\/delos.digital\/\" target=\"_blank\">Delos Digital<\/a>.<\/p>\n\n\n\n<p>Tutte le info sul sito della <a rel=\"noreferrer noopener\" href=\"https:\/\/delos.digital\/9788825417715\/ecce-zombie\" target=\"_blank\">casa editrice<\/a>.<\/p>\n\n\n\n<figure class=\"wp-block-image size-large\"><a href=\"http:\/\/www.andrea.ferrando.info\/scr\/wp-content\/uploads\/2021\/10\/9788825417715-ecce-zombie-scaled.jpg\"><img loading=\"lazy\" decoding=\"async\" width=\"731\" height=\"1024\" src=\"http:\/\/www.andrea.ferrando.info\/scr\/wp-content\/uploads\/2021\/10\/9788825417715-ecce-zombie-731x1024.jpg\" alt=\"\" class=\"wp-image-435\" srcset=\"http:\/\/www.andrea.ferrando.info\/scr\/wp-content\/uploads\/2021\/10\/9788825417715-ecce-zombie-731x1024.jpg 731w, http:\/\/www.andrea.ferrando.info\/scr\/wp-content\/uploads\/2021\/10\/9788825417715-ecce-zombie-214x300.jpg 214w, http:\/\/www.andrea.ferrando.info\/scr\/wp-content\/uploads\/2021\/10\/9788825417715-ecce-zombie-768x1076.jpg 768w, http:\/\/www.andrea.ferrando.info\/scr\/wp-content\/uploads\/2021\/10\/9788825417715-ecce-zombie-1097x1536.jpg 1097w, http:\/\/www.andrea.ferrando.info\/scr\/wp-content\/uploads\/2021\/10\/9788825417715-ecce-zombie-1462x2048.jpg 1462w, http:\/\/www.andrea.ferrando.info\/scr\/wp-content\/uploads\/2021\/10\/9788825417715-ecce-zombie-scaled.jpg 1828w\" sizes=\"auto, (max-width: 731px) 100vw, 731px\" \/><\/a><figcaption>Copertina di Ecce zombie<\/figcaption><\/figure>\n","protected":false},"excerpt":{"rendered":"<p>Jacopo gira con Italo per la citt\u00e0 infettata dal Male, ma non sente di fare la cosa giusta. Lui crede nella salvezza attraverso la fede mentre l\u2019altro nel potere della forza bruta. Come pu\u00f2 continuare un sodalizio del genere? E infatti, quando Jacopo incontra i Viandanti che marciano inermi verso la terra promessa guidati dal [&hellip;]<\/p>\n","protected":false},"author":1,"featured_media":435,"parent":0,"menu_order":0,"comment_status":"open","ping_status":"closed","template":"","meta":{"jetpack_post_was_ever_published":false,"footnotes":""},"class_list":["post-433","page","type-page","status-publish","has-post-thumbnail","czr-hentry"],"jetpack_sharing_enabled":true,"jetpack_shortlink":"https:\/\/wp.me\/P4gcv6-6Z","_links":{"self":[{"href":"http:\/\/www.andrea.ferrando.info\/scr\/index.php?rest_route=\/wp\/v2\/pages\/433","targetHints":{"allow":["GET"]}}],"collection":[{"href":"http:\/\/www.andrea.ferrando.info\/scr\/index.php?rest_route=\/wp\/v2\/pages"}],"about":[{"href":"http:\/\/www.andrea.ferrando.info\/scr\/index.php?rest_route=\/wp\/v2\/types\/page"}],"author":[{"embeddable":true,"href":"http:\/\/www.andrea.ferrando.info\/scr\/index.php?rest_route=\/wp\/v2\/users\/1"}],"replies":[{"embeddable":true,"href":"http:\/\/www.andrea.ferrando.info\/scr\/index.php?rest_route=%2Fwp%2Fv2%2Fcomments&post=433"}],"version-history":[{"count":2,"href":"http:\/\/www.andrea.ferrando.info\/scr\/index.php?rest_route=\/wp\/v2\/pages\/433\/revisions"}],"predecessor-version":[{"id":436,"href":"http:\/\/www.andrea.ferrando.info\/scr\/index.php?rest_route=\/wp\/v2\/pages\/433\/revisions\/436"}],"wp:featuredmedia":[{"embeddable":true,"href":"http:\/\/www.andrea.ferrando.info\/scr\/index.php?rest_route=\/wp\/v2\/media\/435"}],"wp:attachment":[{"href":"http:\/\/www.andrea.ferrando.info\/scr\/index.php?rest_route=%2Fwp%2Fv2%2Fmedia&parent=433"}],"curies":[{"name":"wp","href":"https:\/\/api.w.org\/{rel}","templated":true}]}}